{"id":26,"date":"2024-04-12T23:10:47","date_gmt":"2024-04-12T21:10:47","guid":{"rendered":"http:\/\/sp.useful-pixels.com\/?page_id=26"},"modified":"2024-04-13T23:33:43","modified_gmt":"2024-04-13T21:33:43","slug":"find-us","status":"publish","type":"page","link":"https:\/\/interioredesign.ma\/?page_id=26","title":{"rendered":"Notre Localisation"},"content":{"rendered":"<p>[vc_row css=&#8221;.vc_custom_1553293995750{background-color: #41484e !important;}&#8221;][vc_column width=&#8221;3\/4&#8243;][vc_empty_space height=&#8221;106px&#8221; emsmh=&#8221;40px&#8221;][vc_custom_heading text=&#8221;Interiore Design |<br \/>\nNassim Islane 2 route azbane 20170 Casablanca &#8221; font_container=&#8221;tag:h2|text_align:center|color:%23ffffff&#8221; use_theme_fonts=&#8221;yes&#8221; el_class=&#8221;tin&#8221;][vc_column_text]<\/p>\n<p style=\"color: #fff;\">NOUS POUVONS CREER LA CUISINE DE VOS R\u00caVES \u2013 CONTACTEZ-NOUS SUR 0657869251 TOUT DE SUITE<\/p>\n<p>[\/vc_column_text][vc_empty_space height=&#8221;107px&#8221;][vc_gmaps link=&#8221;#E-8_JTNDaWZyYW1lJTIwc3JjJTNEJTIyaHR0cHMlM0ElMkYlMkZ3d3cuZ29vZ2xlLmNvbSUyRm1hcHMlMkZlbWJlZCUzRnBiJTNEJTIxMW0xOCUyMTFtMTIlMjExbTMlMjExZDMzMjYuNDA0MjAzNTg0MzU1NCUyMTJkLTcuNjY2Mjc3NzI1MjcwODU5JTIxM2QzMy41MTY4NzUwNDU4MTEyMiUyMTJtMyUyMTFmMCUyMTJmMCUyMTNmMCUyMTNtMiUyMTFpMTAyNCUyMTJpNzY4JTIxNGYxMy4xJTIxM20zJTIxMW0yJTIxMXMweGRhNjJkNDZmZDlmNGZiNSUyNTNBMHhlOTY2NDE2MjU4OTVkNDllJTIxMnNJbnRlcmlvcmUlMjUyMERlc2lnbiUyMTVlMCUyMTNtMiUyMTFzZnIlMjEyc21hJTIxNHYxNzEyOTYyMzE5MjMzJTIxNW0yJTIxMXNmciUyMTJzbWElMjIlMjB3aWR0aCUzRCUyMjgwMCUyMiUyMGhlaWdodCUzRCUyMjYwMCUyMiUyMHN0eWxlJTNEJTIyYm9yZGVyJTNBMCUzQiUyMiUyMGFsbG93ZnVsbHNjcmVlbiUzRCUyMiUyMiUyMGxvYWRpbmclM0QlMjJsYXp5JTIyJTIwcmVmZXJyZXJwb2xpY3klM0QlMjJuby1yZWZlcnJlci13aGVuLWRvd25ncmFkZSUyMiUzRSUzQyUyRmlmcmFtZSUzRQ==&#8221;][\/vc_column][vc_column width=&#8221;1\/4&#8243;][vc_empty_space height=&#8221;160px&#8221;][vc_button color=&#8221;up_btn-s&#8221; bt_customcolor=&#8221;#ffffff&#8221; bg_customcolor=&#8221;#d5ac63&#8243; align=&#8221;right&#8221; title=&#8221;Appellez-Nous&#8221; href=&#8221;tel:0657869251&#8243; icon=&#8221;fa-arrow-down&#8221;][vc_empty_space][vc_empty_space emsmh=&#8221;40px&#8221;][\/vc_column][\/vc_row][vc_row css=&#8221;.vc_custom_1553345958497{background-color: #41484e !important;}&#8221; el_class=&#8221;shadow&#8221;][vc_column width=&#8221;1\/3&#8243; el_class=&#8221;hover main&#8221;][vc_empty_space height=&#8221;60px&#8221; emsmh=&#8221;40px&#8221;][argu_icon_text_left iconanimated_left=&#8221;faa-vertical animated-hover&#8221; firstline_left=&#8221;E-mail&#8221; icon_text_left=&#8221;ti-email&#8221; icontitle_left=&#8221;#ffffff&#8221; iconcolor_left=&#8221;#41484e&#8221; iconcolors_bg_l=&#8221;#ffffff&#8221;]<span style=\"color: #ffffff;\">contact@interioredesign.ma<\/span>[\/argu_icon_text_left][vc_empty_space height=&#8221;70px&#8221;][\/vc_column][vc_column width=&#8221;1\/3&#8243; el_class=&#8221;hover main&#8221;][vc_empty_space height=&#8221;60px&#8221;][argu_icon_text_left iconanimated_left=&#8221;faa-ring animated-hover&#8221; firstline_left=&#8221;Num\u00e9ro de t\u00e9l\u00e9phone&#8221; icon_text_left=&#8221;ti-mobile&#8221; icontitle_left=&#8221;#ffffff&#8221; iconcolor_left=&#8221;#41484e&#8221; iconcolors_bg_l=&#8221;#ffffff&#8221;]<span style=\"color: #ffffff;\">0657869251<\/span>[\/argu_icon_text_left][vc_empty_space height=&#8221;70px&#8221;][\/vc_column][vc_column width=&#8221;1\/3&#8243; el_class=&#8221;hover main&#8221;][vc_empty_space height=&#8221;60px&#8221;][argu_icon_text_left iconanimated_left=&#8221;faa-ring animated-hover&#8221; firstline_left=&#8221;Suivez-Nous&#8221; icon_text_left=&#8221;ti-instagram&#8221; icontitle_left=&#8221;#ffffff&#8221; iconcolor_left=&#8221;#41484e&#8221; iconcolors_bg_l=&#8221;#ffffff&#8221;]<span style=\"color: #ffffff;\">InterioreDesigne23<\/span>[\/argu_icon_text_left][vc_empty_space height=&#8221;70px&#8221; emsmh=&#8221;40px&#8221;][\/vc_column][\/vc_row][vc_row anchor_row=&#8221;mesage&#8221;][vc_column][vc_empty_space height=&#8221;106px&#8221; emsmh=&#8221;40px&#8221;][vc_custom_heading text=&#8221;Discutez Avec Nous&#8221; use_theme_fonts=&#8221;yes&#8221;][vc_empty_space height=&#8221;15px&#8221;][\/vc_column][\/vc_row][vc_row][vc_column]\n<div class=\"wpcf7 no-js\" id=\"wpcf7-f8-o1\" lang=\"fr-FR\" dir=\"ltr\" data-wpcf7-id=\"8\">\n<div class=\"screen-reader-response\"><p role=\"status\" aria-live=\"polite\" aria-atomic=\"true\"><\/p> <ul><\/ul><\/div>\n<form action=\"\/index.php?rest_route=%2Fwp%2Fv2%2Fpages%2F26#wpcf7-f8-o1\" method=\"post\" class=\"wpcf7-form init\" aria-label=\"Formulaire de contact\" novalidate=\"novalidate\" data-status=\"init\">\n<fieldset class=\"hidden-fields-container\"><input type=\"hidden\" name=\"_wpcf7\" value=\"8\" \/><input type=\"hidden\" name=\"_wpcf7_version\" value=\"6.1.5\" \/><input type=\"hidden\" name=\"_wpcf7_locale\" value=\"fr_FR\" \/><input type=\"hidden\" name=\"_wpcf7_unit_tag\" value=\"wpcf7-f8-o1\" \/><input type=\"hidden\" name=\"_wpcf7_container_post\" value=\"0\" \/><input type=\"hidden\" name=\"_wpcf7_posted_data_hash\" value=\"\" \/>\n<\/fieldset>\n<p><label> Votre nom<br \/>\n<span class=\"wpcf7-form-control-wrap\" data-name=\"your-name\"><input size=\"40\" maxlength=\"400\" class=\"wpcf7-form-control wpcf7-text wpcf7-validates-as-required\" autocomplete=\"name\" aria-required=\"true\" aria-invalid=\"false\" value=\"\" type=\"text\" name=\"your-name\" \/><\/span> <\/label>\n<\/p>\n<p><label> Votre e-mail<br \/>\n<span class=\"wpcf7-form-control-wrap\" data-name=\"your-email\"><input size=\"40\" maxlength=\"400\" class=\"wpcf7-form-control wpcf7-email wpcf7-validates-as-required wpcf7-text wpcf7-validates-as-email\" autocomplete=\"email\" aria-required=\"true\" aria-invalid=\"false\" value=\"\" type=\"email\" name=\"your-email\" \/><\/span> <\/label>\n<\/p>\n<p><label> Objet<br \/>\n<span class=\"wpcf7-form-control-wrap\" data-name=\"your-subject\"><input size=\"40\" maxlength=\"400\" class=\"wpcf7-form-control wpcf7-text wpcf7-validates-as-required\" aria-required=\"true\" aria-invalid=\"false\" value=\"\" type=\"text\" name=\"your-subject\" \/><\/span> <\/label>\n<\/p>\n<p><label> Votre message (facultatif)<br \/>\n<span class=\"wpcf7-form-control-wrap\" data-name=\"your-message\"><textarea cols=\"40\" rows=\"10\" maxlength=\"2000\" class=\"wpcf7-form-control wpcf7-textarea\" aria-invalid=\"false\" name=\"your-message\"><\/textarea><\/span> <\/label>\n<\/p>\n<p><input class=\"wpcf7-form-control wpcf7-submit has-spinner\" type=\"submit\" value=\"Envoyer\" \/>\n<\/p><div class=\"wpcf7-response-output\" aria-hidden=\"true\"><\/div>\n<\/form>\n<\/div>\n[vc_empty_space height=&#8221;95px&#8221;][\/vc_column][\/vc_row]<\/p>\n","protected":false},"excerpt":{"rendered":"<p>[vc_row css=&#8221;.vc_custom_1553293995750{background-color: #41484e !important;}&#8221;][vc_column width=&#8221;3\/4&#8243;][vc_empty_space height=&#8221;106px&#8221; emsmh=&#8221;40px&#8221;][vc_custom_heading text=&#8221;Interiore Design | Nassim Islane 2 route azbane 20170 Casablanca &#8221; font_container=&#8221;tag:h2|text_align:center|color:%23ffffff&#8221; use_theme_fonts=&#8221;yes&#8221; el_class=&#8221;tin&#8221;][vc_column_text] NOUS POUVONS CREER LA CUISINE DE VOS R\u00caVES \u2013 CONTACTEZ-NOUS SUR 0657869251 TOUT DE SUITE [\/vc_column_text][vc_empty_space height=&#8221;107px&#8221;][vc_gmaps link=&#8221;#E-8_JTNDaWZyYW1lJTIwc3JjJTNEJTIyaHR0cHMlM0ElMkYlMkZ3d3cuZ29vZ2xlLmNvbSUyRm1hcHMlMkZlbWJlZCUzRnBiJTNEJTIxMW0xOCUyMTFtMTIlMjExbTMlMjExZDMzMjYuNDA0MjAzNTg0MzU1NCUyMTJkLTcuNjY2Mjc3NzI1MjcwODU5JTIxM2QzMy41MTY4NzUwNDU4MTEyMiUyMTJtMyUyMTFmMCUyMTJmMCUyMTNmMCUyMTNtMiUyMTFpMTAyNCUyMTJpNzY4JTIxNGYxMy4xJTIxM20zJTIxMW0yJTIxMXMweGRhNjJkNDZmZDlmNGZiNSUyNTNBMHhlOTY2NDE2MjU4OTVkNDllJTIxMnNJbnRlcmlvcmUlMjUyMERlc2lnbiUyMTVlMCUyMTNtMiUyMTFzZnIlMjEyc21hJTIxNHYxNzEyOTYyMzE5MjMzJTIxNW0yJTIxMXNmciUyMTJzbWElMjIlMjB3aWR0aCUzRCUyMjgwMCUyMiUyMGhlaWdodCUzRCUyMjYwMCUyMiUyMHN0eWxlJTNEJTIyYm9yZGVyJTNBMCUzQiUyMiUyMGFsbG93ZnVsbHNjcmVlbiUzRCUyMiUyMiUyMGxvYWRpbmclM0QlMjJsYXp5JTIyJTIwcmVmZXJyZXJwb2xpY3klM0QlMjJuby1yZWZlcnJlci13aGVuLWRvd25ncmFkZSUyMiUzRSUzQyUyRmlmcmFtZSUzRQ==&#8221;][\/vc_column][vc_column width=&#8221;1\/4&#8243;][vc_empty_space height=&#8221;160px&#8221;][vc_button color=&#8221;up_btn-s&#8221; bt_customcolor=&#8221;#ffffff&#8221; bg_customcolor=&#8221;#d5ac63&#8243; align=&#8221;right&#8221; title=&#8221;Appellez-Nous&#8221; href=&#8221;tel:0657869251&#8243; icon=&#8221;fa-arrow-down&#8221;][vc_empty_space][vc_empty_space emsmh=&#8221;40px&#8221;][\/vc_column][\/vc_row][vc_row css=&#8221;.vc_custom_1553345958497{background-color: #41484e !important;}&#8221; el_class=&#8221;shadow&#8221;][vc_column width=&#8221;1\/3&#8243; el_class=&#8221;hover main&#8221;][vc_empty_space height=&#8221;60px&#8221; emsmh=&#8221;40px&#8221;][argu_icon_text_left iconanimated_left=&#8221;faa-vertical animated-hover&#8221; firstline_left=&#8221;E-mail&#8221; icon_text_left=&#8221;ti-email&#8221; icontitle_left=&#8221;#ffffff&#8221; iconcolor_left=&#8221;#41484e&#8221; iconcolors_bg_l=&#8221;#ffffff&#8221;]contact@interioredesign.ma[\/argu_icon_text_left][vc_empty_space height=&#8221;70px&#8221;][\/vc_column][vc_column width=&#8221;1\/3&#8243; el_class=&#8221;hover main&#8221;][vc_empty_space height=&#8221;60px&#8221;][argu_icon_text_left iconanimated_left=&#8221;faa-ring animated-hover&#8221; firstline_left=&#8221;Num\u00e9ro de t\u00e9l\u00e9phone&#8221; icon_text_left=&#8221;ti-mobile&#8221; icontitle_left=&#8221;#ffffff&#8221; iconcolor_left=&#8221;#41484e&#8221; iconcolors_bg_l=&#8221;#ffffff&#8221;]0657869251[\/argu_icon_text_left][vc_empty_space height=&#8221;70px&#8221;][\/vc_column][vc_column width=&#8221;1\/3&#8243; el_class=&#8221;hover main&#8221;][vc_empty_space height=&#8221;60px&#8221;][argu_icon_text_left iconanimated_left=&#8221;faa-ring animated-hover&#8221; firstline_left=&#8221;Suivez-Nous&#8221; icon_text_left=&#8221;ti-instagram&#8221; icontitle_left=&#8221;#ffffff&#8221; iconcolor_left=&#8221;#41484e&#8221; iconcolors_bg_l=&#8221;#ffffff&#8221;]InterioreDesigne23[\/argu_icon_text_left][vc_empty_space height=&#8221;70px&#8221; emsmh=&#8221;40px&#8221;][\/vc_column][\/vc_row][vc_row anchor_row=&#8221;mesage&#8221;][vc_column][vc_empty_space height=&#8221;106px&#8221; emsmh=&#8221;40px&#8221;][vc_custom_heading text=&#8221;Discutez Avec Nous&#8221; use_theme_fonts=&#8221;yes&#8221;][vc_empty_space &hellip; <a href=\"https:\/\/interioredesign.ma\/?page_id=26\">Continued<\/a><\/p>\n","protected":false},"author":1,"featured_media":0,"parent":0,"menu_order":0,"comment_status":"closed","ping_status":"closed","template":"page-fullwidth.php","meta":{"footnotes":""},"class_list":["post-26","page","type-page","status-publish","hentry"],"yoast_head":"<!-- This site is optimized with the Yoast SEO plugin v27.5 - https:\/\/yoast.com\/product\/yoast-seo-wordpress\/ -->\n<title>Notre Localisation - Interiore Design<\/title>\n<meta name=\"robots\" content=\"index, follow, max-snippet:-1, max-image-preview:large, max-video-preview:-1\" \/>\n<link rel=\"canonical\" href=\"https:\/\/interioredesign.ma\/?page_id=26\" \/>\n<meta property=\"og:locale\" content=\"fr_FR\" \/>\n<meta property=\"og:type\" content=\"article\" \/>\n<meta property=\"og:title\" content=\"Notre Localisation - Interiore Design\" \/>\n<meta property=\"og:description\" content=\"[vc_row css=&#8221;.vc_custom_1553293995750{background-color: #41484e !important;}&#8221;][vc_column width=&#8221;3\/4&#8243;][vc_empty_space height=&#8221;106px&#8221; emsmh=&#8221;40px&#8221;][vc_custom_heading text=&#8221;Interiore Design | Nassim Islane 2 route azbane 20170 Casablanca &#8221; font_container=&#8221;tag:h2|text_align:center|color:%23ffffff&#8221; use_theme_fonts=&#8221;yes&#8221; el_class=&#8221;tin&#8221;][vc_column_text] NOUS POUVONS CREER LA CUISINE DE VOS R\u00caVES \u2013 CONTACTEZ-NOUS SUR 0657869251 TOUT DE SUITE [\/vc_column_text][vc_empty_space height=&#8221;107px&#8221;][vc_gmaps link=&#8221;#E-8_JTNDaWZyYW1lJTIwc3JjJTNEJTIyaHR0cHMlM0ElMkYlMkZ3d3cuZ29vZ2xlLmNvbSUyRm1hcHMlMkZlbWJlZCUzRnBiJTNEJTIxMW0xOCUyMTFtMTIlMjExbTMlMjExZDMzMjYuNDA0MjAzNTg0MzU1NCUyMTJkLTcuNjY2Mjc3NzI1MjcwODU5JTIxM2QzMy41MTY4NzUwNDU4MTEyMiUyMTJtMyUyMTFmMCUyMTJmMCUyMTNmMCUyMTNtMiUyMTFpMTAyNCUyMTJpNzY4JTIxNGYxMy4xJTIxM20zJTIxMW0yJTIxMXMweGRhNjJkNDZmZDlmNGZiNSUyNTNBMHhlOTY2NDE2MjU4OTVkNDllJTIxMnNJbnRlcmlvcmUlMjUyMERlc2lnbiUyMTVlMCUyMTNtMiUyMTFzZnIlMjEyc21hJTIxNHYxNzEyOTYyMzE5MjMzJTIxNW0yJTIxMXNmciUyMTJzbWElMjIlMjB3aWR0aCUzRCUyMjgwMCUyMiUyMGhlaWdodCUzRCUyMjYwMCUyMiUyMHN0eWxlJTNEJTIyYm9yZGVyJTNBMCUzQiUyMiUyMGFsbG93ZnVsbHNjcmVlbiUzRCUyMiUyMiUyMGxvYWRpbmclM0QlMjJsYXp5JTIyJTIwcmVmZXJyZXJwb2xpY3klM0QlMjJuby1yZWZlcnJlci13aGVuLWRvd25ncmFkZSUyMiUzRSUzQyUyRmlmcmFtZSUzRQ==&#8221;][\/vc_column][vc_column width=&#8221;1\/4&#8243;][vc_empty_space height=&#8221;160px&#8221;][vc_button color=&#8221;up_btn-s&#8221; bt_customcolor=&#8221;#ffffff&#8221; bg_customcolor=&#8221;#d5ac63&#8243; align=&#8221;right&#8221; title=&#8221;Appellez-Nous&#8221; href=&#8221;tel:0657869251&#8243; icon=&#8221;fa-arrow-down&#8221;][vc_empty_space][vc_empty_space emsmh=&#8221;40px&#8221;][\/vc_column][\/vc_row][vc_row css=&#8221;.vc_custom_1553345958497{background-color: #41484e !important;}&#8221; el_class=&#8221;shadow&#8221;][vc_column width=&#8221;1\/3&#8243; el_class=&#8221;hover main&#8221;][vc_empty_space height=&#8221;60px&#8221; emsmh=&#8221;40px&#8221;][argu_icon_text_left iconanimated_left=&#8221;faa-vertical animated-hover&#8221; firstline_left=&#8221;E-mail&#8221; icon_text_left=&#8221;ti-email&#8221; icontitle_left=&#8221;#ffffff&#8221; iconcolor_left=&#8221;#41484e&#8221; iconcolors_bg_l=&#8221;#ffffff&#8221;]contact@interioredesign.ma[\/argu_icon_text_left][vc_empty_space height=&#8221;70px&#8221;][\/vc_column][vc_column width=&#8221;1\/3&#8243; el_class=&#8221;hover main&#8221;][vc_empty_space height=&#8221;60px&#8221;][argu_icon_text_left iconanimated_left=&#8221;faa-ring animated-hover&#8221; firstline_left=&#8221;Num\u00e9ro de t\u00e9l\u00e9phone&#8221; icon_text_left=&#8221;ti-mobile&#8221; icontitle_left=&#8221;#ffffff&#8221; iconcolor_left=&#8221;#41484e&#8221; iconcolors_bg_l=&#8221;#ffffff&#8221;]0657869251[\/argu_icon_text_left][vc_empty_space height=&#8221;70px&#8221;][\/vc_column][vc_column width=&#8221;1\/3&#8243; el_class=&#8221;hover main&#8221;][vc_empty_space height=&#8221;60px&#8221;][argu_icon_text_left iconanimated_left=&#8221;faa-ring animated-hover&#8221; firstline_left=&#8221;Suivez-Nous&#8221; icon_text_left=&#8221;ti-instagram&#8221; icontitle_left=&#8221;#ffffff&#8221; iconcolor_left=&#8221;#41484e&#8221; iconcolors_bg_l=&#8221;#ffffff&#8221;]InterioreDesigne23[\/argu_icon_text_left][vc_empty_space height=&#8221;70px&#8221; emsmh=&#8221;40px&#8221;][\/vc_column][\/vc_row][vc_row anchor_row=&#8221;mesage&#8221;][vc_column][vc_empty_space height=&#8221;106px&#8221; emsmh=&#8221;40px&#8221;][vc_custom_heading text=&#8221;Discutez Avec Nous&#8221; use_theme_fonts=&#8221;yes&#8221;][vc_empty_space &hellip; Continued\" \/>\n<meta property=\"og:url\" content=\"https:\/\/interioredesign.ma\/?page_id=26\" \/>\n<meta property=\"og:site_name\" content=\"Interiore Design\" \/>\n<meta property=\"article:publisher\" content=\"https:\/\/www.facebook.com\/profile.php?id=61557614057930&amp;mibextid=ZbWKwL\" \/>\n<meta property=\"article:modified_time\" content=\"2024-04-13T21:33:43+00:00\" \/>\n<meta property=\"og:image\" content=\"https:\/\/interioredesign.ma\/wp-content\/uploads\/2024\/04\/20230430_204034_0000-removebg-preview-e1712284753188.png\" \/>\n\t<meta property=\"og:image:width\" content=\"180\" \/>\n\t<meta property=\"og:image:height\" content=\"183\" \/>\n\t<meta property=\"og:image:type\" content=\"image\/png\" \/>\n<meta name=\"twitter:card\" content=\"summary_large_image\" \/>\n<meta name=\"twitter:label1\" content=\"Dur\u00e9e de lecture estim\u00e9e\" \/>\n\t<meta name=\"twitter:data1\" content=\"1 minute\" \/>\n<script type=\"application\/ld+json\" class=\"yoast-schema-graph\">{\"@context\":\"https:\\\/\\\/schema.org\",\"@graph\":[{\"@type\":\"WebPage\",\"@id\":\"https:\\\/\\\/interioredesign.ma\\\/?page_id=26\",\"url\":\"https:\\\/\\\/interioredesign.ma\\\/?page_id=26\",\"name\":\"Notre Localisation - Interiore Design\",\"isPartOf\":{\"@id\":\"https:\\\/\\\/interioredesign.ma\\\/#website\"},\"datePublished\":\"2024-04-12T21:10:47+00:00\",\"dateModified\":\"2024-04-13T21:33:43+00:00\",\"breadcrumb\":{\"@id\":\"https:\\\/\\\/interioredesign.ma\\\/?page_id=26#breadcrumb\"},\"inLanguage\":\"fr-FR\",\"potentialAction\":[{\"@type\":\"ReadAction\",\"target\":[\"https:\\\/\\\/interioredesign.ma\\\/?page_id=26\"]}]},{\"@type\":\"BreadcrumbList\",\"@id\":\"https:\\\/\\\/interioredesign.ma\\\/?page_id=26#breadcrumb\",\"itemListElement\":[{\"@type\":\"ListItem\",\"position\":1,\"name\":\"Accueil\",\"item\":\"https:\\\/\\\/interioredesign.ma\\\/\"},{\"@type\":\"ListItem\",\"position\":2,\"name\":\"Notre Localisation\"}]},{\"@type\":\"WebSite\",\"@id\":\"https:\\\/\\\/interioredesign.ma\\\/#website\",\"url\":\"https:\\\/\\\/interioredesign.ma\\\/\",\"name\":\"Cuisine & Dressing Sur Mesure\",\"description\":\"Des Cuisines Pour La Vie\",\"publisher\":{\"@id\":\"https:\\\/\\\/interioredesign.ma\\\/#organization\"},\"potentialAction\":[{\"@type\":\"SearchAction\",\"target\":{\"@type\":\"EntryPoint\",\"urlTemplate\":\"https:\\\/\\\/interioredesign.ma\\\/?s={search_term_string}\"},\"query-input\":{\"@type\":\"PropertyValueSpecification\",\"valueRequired\":true,\"valueName\":\"search_term_string\"}}],\"inLanguage\":\"fr-FR\"},{\"@type\":\"Organization\",\"@id\":\"https:\\\/\\\/interioredesign.ma\\\/#organization\",\"name\":\"Interiore Design\",\"url\":\"https:\\\/\\\/interioredesign.ma\\\/\",\"logo\":{\"@type\":\"ImageObject\",\"inLanguage\":\"fr-FR\",\"@id\":\"https:\\\/\\\/interioredesign.ma\\\/#\\\/schema\\\/logo\\\/image\\\/\",\"url\":\"https:\\\/\\\/interioredesign.ma\\\/wp-content\\\/uploads\\\/2024\\\/04\\\/cropped-20230430_204034_0000-removebg-preview-e1712284753188.png\",\"contentUrl\":\"https:\\\/\\\/interioredesign.ma\\\/wp-content\\\/uploads\\\/2024\\\/04\\\/cropped-20230430_204034_0000-removebg-preview-e1712284753188.png\",\"width\":512,\"height\":512,\"caption\":\"Interiore Design\"},\"image\":{\"@id\":\"https:\\\/\\\/interioredesign.ma\\\/#\\\/schema\\\/logo\\\/image\\\/\"},\"sameAs\":[\"https:\\\/\\\/www.facebook.com\\\/profile.php?id=61557614057930&mibextid=ZbWKwL\",\"https:\\\/\\\/www.tiktok.com\\\/@interiore.design?_t=8lMy0e8fQgv&_r=1\",\"https:\\\/\\\/www.instagram.com\\\/interioredesigne23?igsh=a3l1N3p2ODQxdHN4\"]}]}<\/script>\n<!-- \/ Yoast SEO plugin. -->","yoast_head_json":{"title":"Notre Localisation - Interiore Design","robots":{"index":"index","follow":"follow","max-snippet":"max-snippet:-1","max-image-preview":"max-image-preview:large","max-video-preview":"max-video-preview:-1"},"canonical":"https:\/\/interioredesign.ma\/?page_id=26","og_locale":"fr_FR","og_type":"article","og_title":"Notre Localisation - Interiore Design","og_description":"[vc_row css=&#8221;.vc_custom_1553293995750{background-color: #41484e !important;}&#8221;][vc_column width=&#8221;3\/4&#8243;][vc_empty_space height=&#8221;106px&#8221; emsmh=&#8221;40px&#8221;][vc_custom_heading text=&#8221;Interiore Design | Nassim Islane 2 route azbane 20170 Casablanca &#8221; font_container=&#8221;tag:h2|text_align:center|color:%23ffffff&#8221; use_theme_fonts=&#8221;yes&#8221; el_class=&#8221;tin&#8221;][vc_column_text] NOUS POUVONS CREER LA CUISINE DE VOS R\u00caVES \u2013 CONTACTEZ-NOUS SUR 0657869251 TOUT DE SUITE [\/vc_column_text][vc_empty_space height=&#8221;107px&#8221;][vc_gmaps link=&#8221;#E-8_JTNDaWZyYW1lJTIwc3JjJTNEJTIyaHR0cHMlM0ElMkYlMkZ3d3cuZ29vZ2xlLmNvbSUyRm1hcHMlMkZlbWJlZCUzRnBiJTNEJTIxMW0xOCUyMTFtMTIlMjExbTMlMjExZDMzMjYuNDA0MjAzNTg0MzU1NCUyMTJkLTcuNjY2Mjc3NzI1MjcwODU5JTIxM2QzMy41MTY4NzUwNDU4MTEyMiUyMTJtMyUyMTFmMCUyMTJmMCUyMTNmMCUyMTNtMiUyMTFpMTAyNCUyMTJpNzY4JTIxNGYxMy4xJTIxM20zJTIxMW0yJTIxMXMweGRhNjJkNDZmZDlmNGZiNSUyNTNBMHhlOTY2NDE2MjU4OTVkNDllJTIxMnNJbnRlcmlvcmUlMjUyMERlc2lnbiUyMTVlMCUyMTNtMiUyMTFzZnIlMjEyc21hJTIxNHYxNzEyOTYyMzE5MjMzJTIxNW0yJTIxMXNmciUyMTJzbWElMjIlMjB3aWR0aCUzRCUyMjgwMCUyMiUyMGhlaWdodCUzRCUyMjYwMCUyMiUyMHN0eWxlJTNEJTIyYm9yZGVyJTNBMCUzQiUyMiUyMGFsbG93ZnVsbHNjcmVlbiUzRCUyMiUyMiUyMGxvYWRpbmclM0QlMjJsYXp5JTIyJTIwcmVmZXJyZXJwb2xpY3klM0QlMjJuby1yZWZlcnJlci13aGVuLWRvd25ncmFkZSUyMiUzRSUzQyUyRmlmcmFtZSUzRQ==&#8221;][\/vc_column][vc_column width=&#8221;1\/4&#8243;][vc_empty_space height=&#8221;160px&#8221;][vc_button color=&#8221;up_btn-s&#8221; bt_customcolor=&#8221;#ffffff&#8221; bg_customcolor=&#8221;#d5ac63&#8243; align=&#8221;right&#8221; title=&#8221;Appellez-Nous&#8221; href=&#8221;tel:0657869251&#8243; icon=&#8221;fa-arrow-down&#8221;][vc_empty_space][vc_empty_space emsmh=&#8221;40px&#8221;][\/vc_column][\/vc_row][vc_row css=&#8221;.vc_custom_1553345958497{background-color: #41484e !important;}&#8221; el_class=&#8221;shadow&#8221;][vc_column width=&#8221;1\/3&#8243; el_class=&#8221;hover main&#8221;][vc_empty_space height=&#8221;60px&#8221; emsmh=&#8221;40px&#8221;][argu_icon_text_left iconanimated_left=&#8221;faa-vertical animated-hover&#8221; firstline_left=&#8221;E-mail&#8221; icon_text_left=&#8221;ti-email&#8221; icontitle_left=&#8221;#ffffff&#8221; iconcolor_left=&#8221;#41484e&#8221; iconcolors_bg_l=&#8221;#ffffff&#8221;]contact@interioredesign.ma[\/argu_icon_text_left][vc_empty_space height=&#8221;70px&#8221;][\/vc_column][vc_column width=&#8221;1\/3&#8243; el_class=&#8221;hover main&#8221;][vc_empty_space height=&#8221;60px&#8221;][argu_icon_text_left iconanimated_left=&#8221;faa-ring animated-hover&#8221; firstline_left=&#8221;Num\u00e9ro de t\u00e9l\u00e9phone&#8221; icon_text_left=&#8221;ti-mobile&#8221; icontitle_left=&#8221;#ffffff&#8221; iconcolor_left=&#8221;#41484e&#8221; iconcolors_bg_l=&#8221;#ffffff&#8221;]0657869251[\/argu_icon_text_left][vc_empty_space height=&#8221;70px&#8221;][\/vc_column][vc_column width=&#8221;1\/3&#8243; el_class=&#8221;hover main&#8221;][vc_empty_space height=&#8221;60px&#8221;][argu_icon_text_left iconanimated_left=&#8221;faa-ring animated-hover&#8221; firstline_left=&#8221;Suivez-Nous&#8221; icon_text_left=&#8221;ti-instagram&#8221; icontitle_left=&#8221;#ffffff&#8221; iconcolor_left=&#8221;#41484e&#8221; iconcolors_bg_l=&#8221;#ffffff&#8221;]InterioreDesigne23[\/argu_icon_text_left][vc_empty_space height=&#8221;70px&#8221; emsmh=&#8221;40px&#8221;][\/vc_column][\/vc_row][vc_row anchor_row=&#8221;mesage&#8221;][vc_column][vc_empty_space height=&#8221;106px&#8221; emsmh=&#8221;40px&#8221;][vc_custom_heading text=&#8221;Discutez Avec Nous&#8221; use_theme_fonts=&#8221;yes&#8221;][vc_empty_space &hellip; Continued","og_url":"https:\/\/interioredesign.ma\/?page_id=26","og_site_name":"Interiore Design","article_publisher":"https:\/\/www.facebook.com\/profile.php?id=61557614057930&mibextid=ZbWKwL","article_modified_time":"2024-04-13T21:33:43+00:00","og_image":[{"width":180,"height":183,"url":"https:\/\/interioredesign.ma\/wp-content\/uploads\/2024\/04\/20230430_204034_0000-removebg-preview-e1712284753188.png","type":"image\/png"}],"twitter_card":"summary_large_image","twitter_misc":{"Dur\u00e9e de lecture estim\u00e9e":"1 minute"},"schema":{"@context":"https:\/\/schema.org","@graph":[{"@type":"WebPage","@id":"https:\/\/interioredesign.ma\/?page_id=26","url":"https:\/\/interioredesign.ma\/?page_id=26","name":"Notre Localisation - Interiore Design","isPartOf":{"@id":"https:\/\/interioredesign.ma\/#website"},"datePublished":"2024-04-12T21:10:47+00:00","dateModified":"2024-04-13T21:33:43+00:00","breadcrumb":{"@id":"https:\/\/interioredesign.ma\/?page_id=26#breadcrumb"},"inLanguage":"fr-FR","potentialAction":[{"@type":"ReadAction","target":["https:\/\/interioredesign.ma\/?page_id=26"]}]},{"@type":"BreadcrumbList","@id":"https:\/\/interioredesign.ma\/?page_id=26#breadcrumb","itemListElement":[{"@type":"ListItem","position":1,"name":"Accueil","item":"https:\/\/interioredesign.ma\/"},{"@type":"ListItem","position":2,"name":"Notre Localisation"}]},{"@type":"WebSite","@id":"https:\/\/interioredesign.ma\/#website","url":"https:\/\/interioredesign.ma\/","name":"Cuisine & Dressing Sur Mesure","description":"Des Cuisines Pour La Vie","publisher":{"@id":"https:\/\/interioredesign.ma\/#organization"},"potentialAction":[{"@type":"SearchAction","target":{"@type":"EntryPoint","urlTemplate":"https:\/\/interioredesign.ma\/?s={search_term_string}"},"query-input":{"@type":"PropertyValueSpecification","valueRequired":true,"valueName":"search_term_string"}}],"inLanguage":"fr-FR"},{"@type":"Organization","@id":"https:\/\/interioredesign.ma\/#organization","name":"Interiore Design","url":"https:\/\/interioredesign.ma\/","logo":{"@type":"ImageObject","inLanguage":"fr-FR","@id":"https:\/\/interioredesign.ma\/#\/schema\/logo\/image\/","url":"https:\/\/interioredesign.ma\/wp-content\/uploads\/2024\/04\/cropped-20230430_204034_0000-removebg-preview-e1712284753188.png","contentUrl":"https:\/\/interioredesign.ma\/wp-content\/uploads\/2024\/04\/cropped-20230430_204034_0000-removebg-preview-e1712284753188.png","width":512,"height":512,"caption":"Interiore Design"},"image":{"@id":"https:\/\/interioredesign.ma\/#\/schema\/logo\/image\/"},"sameAs":["https:\/\/www.facebook.com\/profile.php?id=61557614057930&mibextid=ZbWKwL","https:\/\/www.tiktok.com\/@interiore.design?_t=8lMy0e8fQgv&_r=1","https:\/\/www.instagram.com\/interioredesigne23?igsh=a3l1N3p2ODQxdHN4"]}]}},"_links":{"self":[{"href":"https:\/\/interioredesign.ma\/index.php?rest_route=\/wp\/v2\/pages\/26","targetHints":{"allow":["GET"]}}],"collection":[{"href":"https:\/\/interioredesign.ma\/index.php?rest_route=\/wp\/v2\/pages"}],"about":[{"href":"https:\/\/interioredesign.ma\/index.php?rest_route=\/wp\/v2\/types\/page"}],"author":[{"embeddable":true,"href":"https:\/\/interioredesign.ma\/index.php?rest_route=\/wp\/v2\/users\/1"}],"replies":[{"embeddable":true,"href":"https:\/\/interioredesign.ma\/index.php?rest_route=%2Fwp%2Fv2%2Fcomments&post=26"}],"version-history":[{"count":10,"href":"https:\/\/interioredesign.ma\/index.php?rest_route=\/wp\/v2\/pages\/26\/revisions"}],"predecessor-version":[{"id":4487,"href":"https:\/\/interioredesign.ma\/index.php?rest_route=\/wp\/v2\/pages\/26\/revisions\/4487"}],"wp:attachment":[{"href":"https:\/\/interioredesign.ma\/index.php?rest_route=%2Fwp%2Fv2%2Fmedia&parent=26"}],"curies":[{"name":"wp","href":"https:\/\/api.w.org\/{rel}","templated":true}]}}